{"id":19,"date":"2018-11-01T09:01:33","date_gmt":"2018-11-01T09:01:33","guid":{"rendered":"https:\/\/vargberg.de\/?page_id=19"},"modified":"2024-11-27T20:30:42","modified_gmt":"2024-11-27T20:30:42","slug":"vargberg-ottajasko","status":"publish","type":"page","link":"https:\/\/vargberg.de\/","title":{"rendered":"Vargberg-Ottajasko"},"content":{"rendered":"<p>Willkommen auf der Homepage der Liverollenspieltruppe der Vargberg-Ottajasko<\/p>\n<p>Wir sind eine Liverollenspieltruppe aus dem Gro\u00dfraum K\u00f6ln und betreiben seit einigen Jahren gemeinsam LARP. Unschwer zu erkennen stellen wir eine Gruppe aventurischer Thorwaler dar.<br \/>\n(Thorwaler &#8211; das sind Nordm\u00e4nner aus der P&amp;P-Rollenspielwelt Aventurien &#8211; f\u00fcr mehr Info gibts die <a href=\"http:\/\/www.wiki-aventurica.de\/index.php?title=Thorwaler\" target=\"_blank\" rel=\"noopener\">WikiAventurica<\/a>) Wir legen einerseits viel Wert auf Ambiente und andererseits vor allem auf konsequentes Spiel &#8211; wir versuchen, uns so nah wie m\u00f6glich an die DSA-Ver\u00f6ffentlichungen \u00fcber Thorwaler zu halten. Eine grundlegende Kenntnis thorwalscher Kultur und Gebr\u00e4uche geh\u00f6rt also ebenso ins Spiel wie Wille, Teil der Gemeinschaft zu sein&#8230; Neben den Cons veranstalten wir regelm\u00e4\u00dfige Stammtischrunden, bei denen wir uns OT treffen und \u00fcber all das gesprochen wird, was es zu organisieren gibt. Und dar\u00fcber hinaus treffen wir uns auch gerne mal zum Waffentraining und vor allem zum Immanspielen.<br \/>\nUm die Zeit zwischen den Cons zu \u00fcberbr\u00fccken haben wir damit begonnen, die Umgebung des Vargberges auch in DSA zu bespielen. Schaut Euch mal auf der Seite um &#8211; und falls ihr unten dann irgendwann denkt: &#8222;yeah, da will ich mitmachen&#8220;, dann meldet euch einfach mal im Forum!<\/p>\n","protected":false},"excerpt":{"rendered":"<p>Wir sind eine Liverollenspieltruppe aus dem Gro\u00dfraum K\u00f6ln, die seit Jahren mit Leidenschaft LARP betreibt. Unsere Gruppe verk\u00f6rpert aventurische Thorwaler \u2013 jene rauen, stolzen Nordm\u00e4nner aus der P&#038;P-Rollenspielwelt Aventurien. <\/p>\n<p>Unser Fokus liegt auf authentischem Ambiente und konsequentem Spiel: Wir orientieren uns so eng wie m\u00f6glich an den offiziellen DSA-Ver\u00f6ffentlichungen \u00fcber Thorwaler. Dazu geh\u00f6ren nicht nur die Kenntnis thorwalscher Kultur und Gebr\u00e4uche, sondern auch der Wille, Teil einer starken Gemeinschaft zu sein.<\/p>\n<p>Neben Cons treffen wir uns regelm\u00e4\u00dfig zu Stammtischen, um OT-Organisationen zu besprechen und die Gemeinschaft zu st\u00e4rken. Zudem veranstalten wir Waffentrainings und Immanspiele \u2013 immer mit viel Spa\u00df und Zusammenhalt.<\/p>\n<p>Um die Zeit zwischen den Cons zu \u00fcberbr\u00fccken, haben wir begonnen, die Umgebung des Vargbergs auch im P&#038;P-Rollenspiel DSA zu bespielen.<\/p>\n<p>\ud83d\udca1 Neugierig geworden?<br \/>\nSchaut euch in Ruhe auf unserer Seite um \u2013 und wenn ihr irgendwann denkt: \u201eYeah, da will ich mitmachen!\u201c, meldet euch einfach in unserem Forum. Wir freuen uns auf euch!<\/p>\n","protected":false},"author":2,"featured_media":0,"parent":0,"menu_order":0,"comment_status":"closed","ping_status":"closed","template":"template-frontpage.php","meta":{"ngg_post_thumbnail":0,"footnotes":""},"class_list":["post-19","page","type-page","status-publish","hentry"],"_links":{"self":[{"href":"https:\/\/vargberg.de\/index.php?rest_route=\/wp\/v2\/pages\/19","targetHints":{"allow":["GET"]}}],"collection":[{"href":"https:\/\/vargberg.de\/index.php?rest_route=\/wp\/v2\/pages"}],"about":[{"href":"https:\/\/vargberg.de\/index.php?rest_route=\/wp\/v2\/types\/page"}],"author":[{"embeddable":true,"href":"https:\/\/vargberg.de\/index.php?rest_route=\/wp\/v2\/users\/2"}],"replies":[{"embeddable":true,"href":"https:\/\/vargberg.de\/index.php?rest_route=%2Fwp%2Fv2%2Fcomments&post=19"}],"version-history":[{"count":2,"href":"https:\/\/vargberg.de\/index.php?rest_route=\/wp\/v2\/pages\/19\/revisions"}],"predecessor-version":[{"id":1136,"href":"https:\/\/vargberg.de\/index.php?rest_route=\/wp\/v2\/pages\/19\/revisions\/1136"}],"wp:attachment":[{"href":"https:\/\/vargberg.de\/index.php?rest_route=%2Fwp%2Fv2%2Fmedia&parent=19"}],"curies":[{"name":"wp","href":"https:\/\/api.w.org\/{rel}","templated":true}]}}