{"id":47,"date":"2018-11-01T09:26:20","date_gmt":"2018-11-01T09:26:20","guid":{"rendered":"https:\/\/vargberg.de\/?page_id=47"},"modified":"2024-11-27T20:19:02","modified_gmt":"2024-11-27T20:19:02","slug":"conliste","status":"publish","type":"page","link":"https:\/\/vargberg.de\/?page_id=47","title":{"rendered":"Conliste"},"content":{"rendered":"\n<table id=\"tablepress-1\" class=\"tablepress tablepress-id-1 conliste\">\n<tbody>\n<tr class=\"row-1\">\n\t<td class=\"column-1\"><b>2004<\/b><br \/>\nDrachenfest - Gr\u00fcn<\/td><td class=\"column-2\"><b>2005<\/b><br \/>\nConquest of Mythodea - Terra<br \/>\nHagalas Arx 2<\/td><td class=\"column-3\"><b>2006<\/b><br \/>\nDrachenfest - Gr\u00fcn<br \/>\nConquest of Mythodea - Terra<br \/>\nHagalas Arx 3<br \/>\nThorga 2<\/td><td class=\"column-4\"><b>2007<\/b><br \/>\nConquest of Mythodea - Terra<br \/>\nDrachenfest - Gr\u00fcn<\/td>\n<\/tr>\n<tr class=\"row-2\">\n\t<td class=\"column-1\"><b>2008<\/b><br \/>\nDrachenfest - Gr\u00fcn<br \/>\nConquest of Mytheodea - Terra<\/td><td class=\"column-2\"><b>2009<\/b><br \/>\nZeit der Legenden - Sturmstadt<br \/>\nDrachenfest - St\u00e4mmelager<br \/>\nConquest of Mythodea - Aqua<br \/>\nMorkan - Rattenjagt II<br \/>\nMorkan 9<\/td><td class=\"column-3\"><b>2010<\/b><br \/>\nFalkeninseln<br \/>\nZeit der Legenden - Eisenstadt<br \/>\nDrachenfest - St\u00e4mmelager<br \/>\nConquest of Mythodea - Aqua<\/td><td class=\"column-4\"><b>2011<\/b><br \/>\nZeit der Legenden - Eisenstadt<br \/>\nDrachenfest - Silbernes Lager<br \/>\nLegenden von Thorwal<\/td>\n<\/tr>\n<tr class=\"row-3\">\n\t<td class=\"column-1\"><b>2012<\/b><br \/>\nFalkeninseln<br \/>\nZeit der Legenden - Eisenstadt<br \/>\nDrachenfest - Silber<\/td><td class=\"column-2\"><b>2013<\/b><br \/>\nLand und Lehen<br \/>\nZeit der Legenden - Eisenstadt<br \/>\nDrachenfest - Silber<br \/>\nHeldengeschichten III<\/td><td class=\"column-3\"><b>2014<\/b><br \/>\nDie Sieben Winde<br \/>\nDrachenfest - Silber<br \/>\nCenterpark - Ottajasko im Urlaub<\/td><td class=\"column-4\"><b>2015<\/b><br \/>\nETUFC<br \/>\nZeit der Legenden<br \/>\nDrachenfest - Silber<\/td>\n<\/tr>\n<tr class=\"row-4\">\n\t<td class=\"column-1\"><b>2016<\/b><br \/>\nChroniken von Mythodea<br \/>\nDrachenfest - Silber<br \/>\nZandvoort II - Strandh\u00f6gg<\/td><td class=\"column-2\"><b>2017<\/b><br \/>\nZeit der Legenden<br \/>\nDrachenfest - Silber<br \/>\nHouse of Lords<\/td><td class=\"column-3\"><b>2018<\/b><br \/>\nZeit der Legenden<br \/>\nDrachenfest - Silber<\/td><td class=\"column-4\"><b>2019<\/b><br \/>\nMorgaines Fluch<br \/>\nDrachenfest - Blau<br \/>\nWaldgeist III<\/td>\n<\/tr>\n<tr class=\"row-5\">\n\t<td class=\"column-1\"><b>2020<\/b><br \/>\nDas Gl\u00fcck aus Alderbjerg<br \/>\n<i>Dieses Jahr keine offiziellen Cons.<\/i><\/td><td class=\"column-2\"><b>2021<\/b><br \/>\n<i>Dieses Jahr keine offiziellen Cons.<\/i><\/td><td class=\"column-3\"><b>2022<\/b><br \/>\nDrachenfest - Blau<\/td><td class=\"column-4\"><b>2023<\/b><br \/>\nDrachenfest - Blau<\/td>\n<\/tr>\n<tr class=\"row-6\">\n\t<td class=\"column-1\"><b>2024<\/b><br \/>\nDrachenfest - Blau<\/td><td class=\"column-2\"><b>2025<\/b><br \/>\nDrachenfest - Blau<\/td><td class=\"column-3\"><b>2026<\/b><br \/>\n<i>Drachenfest - Blau<\/i><\/td><td class=\"column-4\"><\/td>\n<\/tr>\n<\/tbody>\n<\/table>\n<!-- #tablepress-1 from cache -->\n","protected":false},"excerpt":{"rendered":"<p>Hier findest du eine \u00dcbersicht \u00fcber die Cons, an denen die Vargberg-Ottajasko seit 2004 teilgenommen hat. Von epischen Schlachten auf dem Drachenfest \u00fcber die Legenden von Thorwal bis hin zu gemeinsamen Urlaubsreisen \u2013 unsere Conliste ist ein lebendiges Zeugnis unserer Geschichte.<\/p>\n","protected":false},"author":2,"featured_media":0,"parent":0,"menu_order":0,"comment_status":"closed","ping_status":"closed","template":"","meta":{"ngg_post_thumbnail":0,"footnotes":""},"class_list":["post-47","page","type-page","status-publish","hentry"],"_links":{"self":[{"href":"https:\/\/vargberg.de\/index.php?rest_route=\/wp\/v2\/pages\/47","targetHints":{"allow":["GET"]}}],"collection":[{"href":"https:\/\/vargberg.de\/index.php?rest_route=\/wp\/v2\/pages"}],"about":[{"href":"https:\/\/vargberg.de\/index.php?rest_route=\/wp\/v2\/types\/page"}],"author":[{"embeddable":true,"href":"https:\/\/vargberg.de\/index.php?rest_route=\/wp\/v2\/users\/2"}],"replies":[{"embeddable":true,"href":"https:\/\/vargberg.de\/index.php?rest_route=%2Fwp%2Fv2%2Fcomments&post=47"}],"version-history":[{"count":4,"href":"https:\/\/vargberg.de\/index.php?rest_route=\/wp\/v2\/pages\/47\/revisions"}],"predecessor-version":[{"id":1115,"href":"https:\/\/vargberg.de\/index.php?rest_route=\/wp\/v2\/pages\/47\/revisions\/1115"}],"wp:attachment":[{"href":"https:\/\/vargberg.de\/index.php?rest_route=%2Fwp%2Fv2%2Fmedia&parent=47"}],"curies":[{"name":"wp","href":"https:\/\/api.w.org\/{rel}","templated":true}]}}